{"id":519,"date":"2023-11-01T16:06:50","date_gmt":"2023-11-01T22:06:50","guid":{"rendered":"https:\/\/daxaco.com\/estrategia-de-negocio\/"},"modified":"2023-11-16T17:33:14","modified_gmt":"2023-11-16T23:33:14","slug":"estrategia-de-negocio","status":"publish","type":"page","link":"https:\/\/daxaco.com\/es\/servicios\/estrategia-de-negocio\/","title":{"rendered":"Estrategia de Negocio"},"content":{"rendered":"\n<section style=\"color:#ffffff\" class=\"wp-block-agctexdomain-wrapper-agcblocks alignwide paddingTopBottom0 paddingTopBottomTablet0 paddingTopBottomMobile0 paddingLeftRight0 paddingLeftRightTablet0 paddingLeftRightMobile0 backgroundNoRepeat backgroundCover alturaDefault bg-top-header\"><div class=\"bg-cover-image backgroundNoRepeat backgroundCover\" style=\"background-image:url(https:\/\/daxaco.com\/wp-content\/uploads\/2023\/11\/dax_company_monterrey.jpg)\"><\/div><div class=\"container\"><div class=\"wrapper-inner-blocks\">\n<div style=\"height:400px\" aria-hidden=\"true\" class=\"wp-block-spacer espaciador-top-header\"><\/div>\n\n\n\n<h1 class=\"wp-block-heading has-text-align-center\">Servicios<\/h1>\n\n\n<div class=\"wrap-content bg-breadcrumbs center-breadcrumbs v2\"><div class=\"container\"><ol class=\"breadcrumbs\">\n<li><a class=\"breadcrumbs-home\" href=\"https:\/\/daxaco.com\/es\/\"><small><svg xmlns=\"http:\/\/www.w3.org\/2000\/svg\" viewBox=\"0 0 576 512\"><path d=\"M575.8 255.5C575.8 273.5 560.8 287.6 543.8 287.6H511.8L512.5 447.7C512.5 450.5 512.3 453.1 512 455.8V472C512 494.1 494.1 512 472 512H456C454.9 512 453.8 511.1 452.7 511.9C451.3 511.1 449.9 512 448.5 512H392C369.9 512 352 494.1 352 472V384C352 366.3 337.7 352 320 352H256C238.3 352 224 366.3 224 384V472C224 494.1 206.1 512 184 512H128.1C126.6 512 125.1 511.9 123.6 511.8C122.4 511.9 121.2 512 120 512H104C81.91 512 64 494.1 64 472V360C64 359.1 64.03 358.1 64.09 357.2V287.6H32.05C14.02 287.6 0 273.5 0 255.5C0 246.5 3.004 238.5 10.01 231.5L266.4 8.016C273.4 1.002 281.4 0 288.4 0C295.4 0 303.4 2.004 309.5 7.014L564.8 231.5C572.8 238.5 576.9 246.5 575.8 255.5L575.8 255.5z\"\/><\/svg><\/small><span>Inicio<\/span><\/a><\/li>\n \n \n \n \n \n\n\n<\/ol>\n<\/div><\/div>\n\n\n\n<div style=\"height:50px\" aria-hidden=\"true\" class=\"wp-block-spacer\"><\/div>\n<\/div><\/div><div class=\"overlay\" style=\"opacity:0.35;background-color:#000000\"><\/div><div class=\"bg-forma\"><\/div><\/section>\n\n\n\n<section style=\"background-color:#eceef0\" class=\"wp-block-agctexdomain-wrapper-agcblocks alignfull paddingTopBottom0 paddingTopBottomTablet0 paddingTopBottomMobile0 paddingLeftRight0 paddingLeftRightTablet0 paddingLeftRightMobile0 backgroundNoRepeat backgroundCover alturaDefault\"><div class=\"container\"><div class=\"wrapper-inner-blocks\">\n<section class=\"wp-block-agctexdomain-columnas-agcblocks alignwide columnas col-2 col-2-a paddingTopBottom0 paddingTopBottomTablet0 paddingTopBottomMobile0 alturaDefault\"><div class=\"container\">\n<div class=\"wp-block-agctexdomain-columna-agcblocks Columna ag-animation css-animacionNone alineacion-vertical-top is-style-default-order\" data-ag-animation=\"animacionNone\" style=\"text-align:left\"><div class=\"bg-cover-image backgroundNoRepeat backgroundCover\" style=\"background-image:url(https:\/\/daxaco.com\/wp-content\/uploads\/2023\/11\/experiencia.jpg)\"><\/div><div class=\"ColumnaContent paddingTopBottom0 paddingTopBottomTablet0 paddingTopBottomMobile0 paddingLeftRight20 paddingLeftRightTablet20 paddingLeftRightMobile20\">\n<div style=\"height:400px\" aria-hidden=\"true\" class=\"wp-block-spacer espaciador-servicios\"><\/div>\n<\/div> <\/div>\n\n\n\n<div class=\"wp-block-agctexdomain-columna-agcblocks Columna ag-animation css-fadeIn alineacion-vertical-top is-style-default-order\" data-ag-animation=\"fadeIn\" style=\"text-align:left\"><div class=\"ColumnaContent paddingTopBottom80 paddingTopBottomTablet80 paddingTopBottomMobile80 paddingLeftRight100 paddingLeftRightTablet20 paddingLeftRightMobile20\">\n<h2 class=\"wp-block-heading is-style-headingStyleDefault h2-izq-line\" id=\"servicio2\"><strong>Estrategia de Negocio<\/strong><\/h2>\n\n\n\n<div style=\"height:30px\" aria-hidden=\"true\" class=\"wp-block-spacer\"><\/div>\n\n\n\n<p style=\"font-size:22px\">Estrategia de crecimiento org\u00e1nico:<\/p>\n\n\n\n<ul class=\"is-style-ListCircle wp-block-list\">\n<li>Identificar oportunidades de crecimiento del negocio base por productos y\/o segmentos.<\/li>\n\n\n\n<li>Identificar negocios adyacentes y capacidades internas exportables a otros segmentos.<\/li>\n\n\n\n<li>Estructurar casos de negocio para la toma de decisi\u00f3n.<\/li>\n<\/ul>\n\n\n\n<div style=\"height:20px\" aria-hidden=\"true\" class=\"wp-block-spacer\"><\/div>\n\n\n\n<p style=\"font-size:22px\">Estrategia de crecimiento geogr\u00e1fico:<\/p>\n\n\n\n<ul class=\"is-style-ListCircle wp-block-list\">\n<li>Ejecuci\u00f3n de estudios de mercado, identificaci\u00f3n de requerimientos legales y regulatorios, experiencia en mercados extranjeros (Am\u00e9ricas, Asia).<\/li>\n<\/ul>\n\n\n\n<div style=\"height:20px\" aria-hidden=\"true\" class=\"wp-block-spacer\"><\/div>\n\n\n\n<p style=\"font-size:22px\">Operaciones continuas:<\/p>\n\n\n\n<ul class=\"is-style-ListCircle wp-block-list\">\n<li>Desarrollar procesos de an\u00e1lisis estrat\u00e9gico, mejora de funci\u00f3n de planeaci\u00f3n y presupuesto.<\/li>\n\n\n\n<li>Identificar oportunidades de reducci\u00f3n de costos y palancas de mejora operativa.<\/li>\n<\/ul>\n\n\n\n<div style=\"height:30px\" aria-hidden=\"true\" class=\"wp-block-spacer\"><\/div>\n<\/div> <\/div>\n<\/div> <div class=\"bg-forma bg-forma-display-none\"><\/div><\/section>\n<\/div><\/div> <div class=\"bg-forma\"><\/div><\/section>\n\n\n\n<section style=\"background-color:#20282d\" class=\"wp-block-agctexdomain-wrapper-agcblocks alignwide paddingTopBottom0 paddingTopBottomTablet0 paddingTopBottomMobile0 paddingLeftRight0 paddingLeftRightTablet0 paddingLeftRightMobile0 backgroundNoRepeat backgroundCover alturaDefault\"><div class=\"container\"><div class=\"wrapper-inner-blocks\">\n<div style=\"height:40px\" aria-hidden=\"true\" class=\"wp-block-spacer\"><\/div>\n\n\n\n<div class=\"wp-block-buttons is-content-justification-center is-layout-flex wp-container-core-buttons-is-layout-16018d1d wp-block-buttons-is-layout-flex\">\n<div class=\"wp-block-button is-style-btnE\"><a class=\"wp-block-button__link wp-element-button\" href=\"https:\/\/daxaco.com\/es\/contacto\/\">Contacto<\/a><\/div>\n<\/div>\n\n\n\n<div style=\"height:35px\" aria-hidden=\"true\" class=\"wp-block-spacer\"><\/div>\n<\/div><\/div> <div class=\"bg-forma\"><\/div><\/section>\n","protected":false},"excerpt":{"rendered":"","protected":false},"author":1,"featured_media":0,"parent":521,"menu_order":0,"comment_status":"closed","ping_status":"closed","template":"","meta":{"_acf_changed":false,"footnotes":""},"class_list":["post-519","page","type-page","status-publish","hentry"],"acf":[],"yoast_head":"<!-- This site is optimized with the Yoast SEO plugin v27.4 - https:\/\/yoast.com\/product\/yoast-seo-wordpress\/ -->\n<title>Estrategia de Negocio - Dax &amp; Company<\/title>\n<meta name=\"robots\" content=\"index, follow, max-snippet:-1, max-image-preview:large, max-video-preview:-1\" \/>\n<link rel=\"canonical\" href=\"https:\/\/daxaco.com\/services\/business-strategy\/\" \/>\n<meta property=\"og:locale\" content=\"es_ES\" \/>\n<meta property=\"og:type\" content=\"article\" \/>\n<meta property=\"og:title\" content=\"Estrategia de Negocio - Dax &amp; Company\" \/>\n<meta property=\"og:url\" content=\"https:\/\/daxaco.com\/services\/business-strategy\/\" \/>\n<meta property=\"og:site_name\" content=\"Dax &amp; Company\" \/>\n<meta property=\"article:modified_time\" content=\"2023-11-16T23:33:14+00:00\" \/>\n<meta name=\"twitter:card\" content=\"summary_large_image\" \/>\n<meta name=\"twitter:label1\" content=\"Tiempo de lectura\" \/>\n\t<meta name=\"twitter:data1\" content=\"1 minuto\" \/>\n<script type=\"application\/ld+json\" class=\"yoast-schema-graph\">{\"@context\":\"https:\\\/\\\/schema.org\",\"@graph\":[{\"@type\":\"WebPage\",\"@id\":\"https:\\\/\\\/daxaco.com\\\/services\\\/business-strategy\\\/\",\"url\":\"https:\\\/\\\/daxaco.com\\\/services\\\/business-strategy\\\/\",\"name\":\"Estrategia de Negocio - Dax &amp; Company\",\"isPartOf\":{\"@id\":\"https:\\\/\\\/daxaco.com\\\/#website\"},\"datePublished\":\"2023-11-01T22:06:50+00:00\",\"dateModified\":\"2023-11-16T23:33:14+00:00\",\"breadcrumb\":{\"@id\":\"https:\\\/\\\/daxaco.com\\\/services\\\/business-strategy\\\/#breadcrumb\"},\"inLanguage\":\"es\",\"potentialAction\":[{\"@type\":\"ReadAction\",\"target\":[\"https:\\\/\\\/daxaco.com\\\/services\\\/business-strategy\\\/\"]}]},{\"@type\":\"BreadcrumbList\",\"@id\":\"https:\\\/\\\/daxaco.com\\\/services\\\/business-strategy\\\/#breadcrumb\",\"itemListElement\":[{\"@type\":\"ListItem\",\"position\":1,\"name\":\"Home\",\"item\":\"https:\\\/\\\/daxaco.com\\\/\"},{\"@type\":\"ListItem\",\"position\":2,\"name\":\"Servicios\",\"item\":\"https:\\\/\\\/daxaco.com\\\/services\\\/\"},{\"@type\":\"ListItem\",\"position\":3,\"name\":\"Estrategia de Negocio\"}]},{\"@type\":\"WebSite\",\"@id\":\"https:\\\/\\\/daxaco.com\\\/#website\",\"url\":\"https:\\\/\\\/daxaco.com\\\/\",\"name\":\"Dax &amp; Company\",\"description\":\"Corporate Strategy\",\"potentialAction\":[{\"@type\":\"SearchAction\",\"target\":{\"@type\":\"EntryPoint\",\"urlTemplate\":\"https:\\\/\\\/daxaco.com\\\/?s={search_term_string}\"},\"query-input\":{\"@type\":\"PropertyValueSpecification\",\"valueRequired\":true,\"valueName\":\"search_term_string\"}}],\"inLanguage\":\"es\"}]}<\/script>\n<!-- \/ Yoast SEO plugin. -->","yoast_head_json":{"title":"Estrategia de Negocio - Dax &amp; Company","robots":{"index":"index","follow":"follow","max-snippet":"max-snippet:-1","max-image-preview":"max-image-preview:large","max-video-preview":"max-video-preview:-1"},"canonical":"https:\/\/daxaco.com\/services\/business-strategy\/","og_locale":"es_ES","og_type":"article","og_title":"Estrategia de Negocio - Dax &amp; Company","og_url":"https:\/\/daxaco.com\/services\/business-strategy\/","og_site_name":"Dax &amp; Company","article_modified_time":"2023-11-16T23:33:14+00:00","twitter_card":"summary_large_image","twitter_misc":{"Tiempo de lectura":"1 minuto"},"schema":{"@context":"https:\/\/schema.org","@graph":[{"@type":"WebPage","@id":"https:\/\/daxaco.com\/services\/business-strategy\/","url":"https:\/\/daxaco.com\/services\/business-strategy\/","name":"Estrategia de Negocio - Dax &amp; Company","isPartOf":{"@id":"https:\/\/daxaco.com\/#website"},"datePublished":"2023-11-01T22:06:50+00:00","dateModified":"2023-11-16T23:33:14+00:00","breadcrumb":{"@id":"https:\/\/daxaco.com\/services\/business-strategy\/#breadcrumb"},"inLanguage":"es","potentialAction":[{"@type":"ReadAction","target":["https:\/\/daxaco.com\/services\/business-strategy\/"]}]},{"@type":"BreadcrumbList","@id":"https:\/\/daxaco.com\/services\/business-strategy\/#breadcrumb","itemListElement":[{"@type":"ListItem","position":1,"name":"Home","item":"https:\/\/daxaco.com\/"},{"@type":"ListItem","position":2,"name":"Servicios","item":"https:\/\/daxaco.com\/services\/"},{"@type":"ListItem","position":3,"name":"Estrategia de Negocio"}]},{"@type":"WebSite","@id":"https:\/\/daxaco.com\/#website","url":"https:\/\/daxaco.com\/","name":"Dax &amp; Company","description":"Corporate Strategy","potentialAction":[{"@type":"SearchAction","target":{"@type":"EntryPoint","urlTemplate":"https:\/\/daxaco.com\/?s={search_term_string}"},"query-input":{"@type":"PropertyValueSpecification","valueRequired":true,"valueName":"search_term_string"}}],"inLanguage":"es"}]}},"_links":{"self":[{"href":"https:\/\/daxaco.com\/es\/wp-json\/wp\/v2\/pages\/519","targetHints":{"allow":["GET"]}}],"collection":[{"href":"https:\/\/daxaco.com\/es\/wp-json\/wp\/v2\/pages"}],"about":[{"href":"https:\/\/daxaco.com\/es\/wp-json\/wp\/v2\/types\/page"}],"author":[{"embeddable":true,"href":"https:\/\/daxaco.com\/es\/wp-json\/wp\/v2\/users\/1"}],"replies":[{"embeddable":true,"href":"https:\/\/daxaco.com\/es\/wp-json\/wp\/v2\/comments?post=519"}],"version-history":[{"count":8,"href":"https:\/\/daxaco.com\/es\/wp-json\/wp\/v2\/pages\/519\/revisions"}],"predecessor-version":[{"id":645,"href":"https:\/\/daxaco.com\/es\/wp-json\/wp\/v2\/pages\/519\/revisions\/645"}],"up":[{"embeddable":true,"href":"https:\/\/daxaco.com\/es\/wp-json\/wp\/v2\/pages\/521"}],"wp:attachment":[{"href":"https:\/\/daxaco.com\/es\/wp-json\/wp\/v2\/media?parent=519"}],"curies":[{"name":"wp","href":"https:\/\/api.w.org\/{rel}","templated":true}]}}